{"id":2,"date":"2014-11-09T15:12:15","date_gmt":"2014-11-09T15:12:15","guid":{"rendered":"https:\/\/sporcupazari.com\/blog\/?page_id=2"},"modified":"2022-02-15T17:57:24","modified_gmt":"2022-02-15T14:57:24","slug":"ornek-sayfa","status":"publish","type":"page","link":"https:\/\/www.sporcupazari.com\/blog\/ornek-sayfa\/","title":{"rendered":"\u0130leti\u015fim Bilgileri"},"content":{"rendered":"<p><strong>Datmedya Elektronik Ma\u011fazac\u0131l\u0131k San. Tic. Ltd. \u015eti<\/strong><\/p>\n<p>Malazgirt Mahallesi Mehtap Caddesi N:37\/A<\/p>\n<p>Sel\u00e7uklu KONYA<\/p>\n<p><strong>Telefon:<\/strong> 0 332 666 00 00<\/p>\n<p><strong>Whats App :<\/strong> 0 545\u00a055 666 55<\/p>\n<p><strong>e-posta :<\/strong> bilgi@sporcupazari.com<\/p>\n<p><strong>web : \u00a0<\/strong>www.sporcupazari.com<\/p>\n\n<div class=\"wpcf7 no-js\" id=\"wpcf7-f1531-o1\" lang=\"tr-TR\" dir=\"ltr\">\n<div class=\"screen-reader-response\"><p role=\"status\" aria-live=\"polite\" aria-atomic=\"true\"><\/p> <ul><\/ul><\/div>\n<form action=\"\/blog\/wp-json\/wp\/v2\/pages\/2#wpcf7-f1531-o1\" method=\"post\" class=\"wpcf7-form init\" aria-label=\"Contact form\" novalidate=\"novalidate\" data-status=\"init\">\n<div style=\"display: none;\">\n<input type=\"hidden\" name=\"_wpcf7\" value=\"1531\" \/>\n<input type=\"hidden\" name=\"_wpcf7_version\" value=\"5.7.7\" \/>\n<input type=\"hidden\" name=\"_wpcf7_locale\" value=\"tr_TR\" \/>\n<input type=\"hidden\" name=\"_wpcf7_unit_tag\" value=\"wpcf7-f1531-o1\" \/>\n<input type=\"hidden\" name=\"_wpcf7_container_post\" value=\"0\" \/>\n<input type=\"hidden\" name=\"_wpcf7_posted_data_hash\" value=\"\" \/>\n<\/div>\n<p>Ad\u0131n\u0131z (gerekli)\n<\/p>\n<p><span class=\"wpcf7-form-control-wrap\" data-name=\"your-name\"><input size=\"40\" class=\"wpcf7-form-control wpcf7-text wpcf7-validates-as-required\" aria-required=\"true\" aria-invalid=\"false\" value=\"\" type=\"text\" name=\"your-name\" \/><\/span>\n<\/p>\n<p>Epostan\u0131z (gerekli)\n<\/p>\n<p><span class=\"wpcf7-form-control-wrap\" data-name=\"your-email\"><input size=\"40\" class=\"wpcf7-form-control wpcf7-text wpcf7-email wpcf7-validates-as-required wpcf7-validates-as-email\" aria-required=\"true\" aria-invalid=\"false\" value=\"\" type=\"email\" name=\"your-email\" \/><\/span>\n<\/p>\n<p>Konu\n<\/p>\n<p><span class=\"wpcf7-form-control-wrap\" data-name=\"your-subject\"><input size=\"40\" class=\"wpcf7-form-control wpcf7-text\" aria-invalid=\"false\" value=\"\" type=\"text\" name=\"your-subject\" \/><\/span>\n<\/p>\n<p>\u0130letiniz\n<\/p>\n<p><span class=\"wpcf7-form-control-wrap\" data-name=\"your-message\"><textarea cols=\"40\" rows=\"10\" class=\"wpcf7-form-control wpcf7-textarea\" aria-invalid=\"false\" name=\"your-message\"><\/textarea><\/span>\n<\/p>\n<p><input class=\"wpcf7-form-control has-spinner wpcf7-submit\" type=\"submit\" value=\"G\u00f6nder\" \/>\n<\/p><div class=\"wpcf7-response-output\" aria-hidden=\"true\"><\/div>\n<\/form>\n<\/div>\n\n","protected":false},"excerpt":{"rendered":"<p>Datmedya Elektronik Ma\u011fazac\u0131l\u0131k San. Tic. Ltd. \u015eti Malazgirt Mahallesi Mehtap Caddesi N:37\/A Sel\u00e7uklu KONYA Telefon: 0 332 666 00 00 Whats App : 0 545\u00a055 666 55 e-posta : bilgi@sporcupazari.com web : \u00a0www.sporcupazari.com<\/p>\n","protected":false},"author":1,"featured_media":0,"parent":0,"menu_order":0,"comment_status":"open","ping_status":"open","template":"","meta":{"_mi_skip_tracking":false,"_exactmetrics_sitenote_active":false,"_exactmetrics_sitenote_note":"","_exactmetrics_sitenote_category":0,"footnotes":""},"class_list":["post-2","page","type-page","status-publish","hentry"],"yoast_head":"<!-- This site is optimized with the Yoast SEO plugin v20.12 - https:\/\/yoast.com\/wordpress\/plugins\/seo\/ -->\n<title>\u0130leti\u015fim Bilgileri - Sporcu Pazar\u0131 - 0332 666 00 00<\/title>\n<meta name=\"robots\" content=\"index, follow, max-snippet:-1, max-image-preview:large, max-video-preview:-1\" \/>\n<link rel=\"canonical\" href=\"https:\/\/www.sporcupazari.com\/blog\/ornek-sayfa\/\" \/>\n<meta property=\"og:locale\" content=\"tr_TR\" \/>\n<meta property=\"og:type\" content=\"article\" \/>\n<meta property=\"og:title\" content=\"\u0130leti\u015fim Bilgileri - Sporcu Pazar\u0131 - 0332 666 00 00\" \/>\n<meta property=\"og:description\" content=\"Datmedya Elektronik Ma\u011fazac\u0131l\u0131k San. Tic. Ltd. \u015eti Malazgirt Mahallesi Mehtap Caddesi N:37\/A Sel\u00e7uklu KONYA Telefon: 0 332 666 00 00 Whats App : 0 545\u00a055 666 55 e-posta : bilgi@sporcupazari.com web : \u00a0www.sporcupazari.com\" \/>\n<meta property=\"og:url\" content=\"https:\/\/www.sporcupazari.com\/blog\/ornek-sayfa\/\" \/>\n<meta property=\"og:site_name\" content=\"Sporcu Pazar\u0131 - 0332 666 00 00\" \/>\n<meta property=\"article:modified_time\" content=\"2022-02-15T14:57:24+00:00\" \/>\n<meta name=\"twitter:card\" content=\"summary_large_image\" \/>\n<script type=\"application\/ld+json\" class=\"yoast-schema-graph\">{\"@context\":\"https:\/\/schema.org\",\"@graph\":[{\"@type\":\"WebPage\",\"@id\":\"https:\/\/www.sporcupazari.com\/blog\/ornek-sayfa\/\",\"url\":\"https:\/\/www.sporcupazari.com\/blog\/ornek-sayfa\/\",\"name\":\"\u0130leti\u015fim Bilgileri - Sporcu Pazar\u0131 - 0332 666 00 00\",\"isPartOf\":{\"@id\":\"https:\/\/www.sporcupazari.com\/blog\/#website\"},\"datePublished\":\"2014-11-09T15:12:15+00:00\",\"dateModified\":\"2022-02-15T14:57:24+00:00\",\"breadcrumb\":{\"@id\":\"https:\/\/www.sporcupazari.com\/blog\/ornek-sayfa\/#breadcrumb\"},\"inLanguage\":\"tr\",\"potentialAction\":[{\"@type\":\"ReadAction\",\"target\":[\"https:\/\/www.sporcupazari.com\/blog\/ornek-sayfa\/\"]}]},{\"@type\":\"BreadcrumbList\",\"@id\":\"https:\/\/www.sporcupazari.com\/blog\/ornek-sayfa\/#breadcrumb\",\"itemListElement\":[{\"@type\":\"ListItem\",\"position\":1,\"name\":\"Ana sayfa\",\"item\":\"https:\/\/www.sporcupazari.com\/blog\/\"},{\"@type\":\"ListItem\",\"position\":2,\"name\":\"\u0130leti\u015fim Bilgileri\"}]},{\"@type\":\"WebSite\",\"@id\":\"https:\/\/www.sporcupazari.com\/blog\/#website\",\"url\":\"https:\/\/www.sporcupazari.com\/blog\/\",\"name\":\"Sporcu Pazar\u0131 - 0332 666 00 00\",\"description\":\"Spor Malzemeleri ve Bisiklet\",\"potentialAction\":[{\"@type\":\"SearchAction\",\"target\":{\"@type\":\"EntryPoint\",\"urlTemplate\":\"https:\/\/www.sporcupazari.com\/blog\/?s={search_term_string}\"},\"query-input\":\"required name=search_term_string\"}],\"inLanguage\":\"tr\"}]}<\/script>\n<!-- \/ Yoast SEO plugin. -->","yoast_head_json":{"title":"\u0130leti\u015fim Bilgileri - Sporcu Pazar\u0131 - 0332 666 00 00","robots":{"index":"index","follow":"follow","max-snippet":"max-snippet:-1","max-image-preview":"max-image-preview:large","max-video-preview":"max-video-preview:-1"},"canonical":"https:\/\/www.sporcupazari.com\/blog\/ornek-sayfa\/","og_locale":"tr_TR","og_type":"article","og_title":"\u0130leti\u015fim Bilgileri - Sporcu Pazar\u0131 - 0332 666 00 00","og_description":"Datmedya Elektronik Ma\u011fazac\u0131l\u0131k San. Tic. Ltd. \u015eti Malazgirt Mahallesi Mehtap Caddesi N:37\/A Sel\u00e7uklu KONYA Telefon: 0 332 666 00 00 Whats App : 0 545\u00a055 666 55 e-posta : bilgi@sporcupazari.com web : \u00a0www.sporcupazari.com","og_url":"https:\/\/www.sporcupazari.com\/blog\/ornek-sayfa\/","og_site_name":"Sporcu Pazar\u0131 - 0332 666 00 00","article_modified_time":"2022-02-15T14:57:24+00:00","twitter_card":"summary_large_image","schema":{"@context":"https:\/\/schema.org","@graph":[{"@type":"WebPage","@id":"https:\/\/www.sporcupazari.com\/blog\/ornek-sayfa\/","url":"https:\/\/www.sporcupazari.com\/blog\/ornek-sayfa\/","name":"\u0130leti\u015fim Bilgileri - Sporcu Pazar\u0131 - 0332 666 00 00","isPartOf":{"@id":"https:\/\/www.sporcupazari.com\/blog\/#website"},"datePublished":"2014-11-09T15:12:15+00:00","dateModified":"2022-02-15T14:57:24+00:00","breadcrumb":{"@id":"https:\/\/www.sporcupazari.com\/blog\/ornek-sayfa\/#breadcrumb"},"inLanguage":"tr","potentialAction":[{"@type":"ReadAction","target":["https:\/\/www.sporcupazari.com\/blog\/ornek-sayfa\/"]}]},{"@type":"BreadcrumbList","@id":"https:\/\/www.sporcupazari.com\/blog\/ornek-sayfa\/#breadcrumb","itemListElement":[{"@type":"ListItem","position":1,"name":"Ana sayfa","item":"https:\/\/www.sporcupazari.com\/blog\/"},{"@type":"ListItem","position":2,"name":"\u0130leti\u015fim Bilgileri"}]},{"@type":"WebSite","@id":"https:\/\/www.sporcupazari.com\/blog\/#website","url":"https:\/\/www.sporcupazari.com\/blog\/","name":"Sporcu Pazar\u0131 - 0332 666 00 00","description":"Spor Malzemeleri ve Bisiklet","potentialAction":[{"@type":"SearchAction","target":{"@type":"EntryPoint","urlTemplate":"https:\/\/www.sporcupazari.com\/blog\/?s={search_term_string}"},"query-input":"required name=search_term_string"}],"inLanguage":"tr"}]}},"jetpack_shortlink":"https:\/\/wp.me\/P7bdyv-2","jetpack-related-posts":[],"_links":{"self":[{"href":"https:\/\/www.sporcupazari.com\/blog\/wp-json\/wp\/v2\/pages\/2"}],"collection":[{"href":"https:\/\/www.sporcupazari.com\/blog\/wp-json\/wp\/v2\/pages"}],"about":[{"href":"https:\/\/www.sporcupazari.com\/blog\/wp-json\/wp\/v2\/types\/page"}],"author":[{"embeddable":true,"href":"https:\/\/www.sporcupazari.com\/blog\/wp-json\/wp\/v2\/users\/1"}],"replies":[{"embeddable":true,"href":"https:\/\/www.sporcupazari.com\/blog\/wp-json\/wp\/v2\/comments?post=2"}],"version-history":[{"count":6,"href":"https:\/\/www.sporcupazari.com\/blog\/wp-json\/wp\/v2\/pages\/2\/revisions"}],"predecessor-version":[{"id":3071,"href":"https:\/\/www.sporcupazari.com\/blog\/wp-json\/wp\/v2\/pages\/2\/revisions\/3071"}],"wp:attachment":[{"href":"https:\/\/www.sporcupazari.com\/blog\/wp-json\/wp\/v2\/media?parent=2"}],"curies":[{"name":"wp","href":"https:\/\/api.w.org\/{rel}","templated":true}]}}